{"id":1211,"date":"2022-03-08T13:02:30","date_gmt":"2022-03-08T12:02:30","guid":{"rendered":"https:\/\/orekan.cotos.es\/orekan\/"},"modified":"2025-09-19T10:26:57","modified_gmt":"2025-09-19T08:26:57","slug":"orekan","status":"publish","type":"page","link":"https:\/\/www.orekangunea.com\/eu\/","title":{"rendered":"Orekan"},"content":{"rendered":"<section class=\"l-section wpb_row height_auto\"><div class=\"l-section-h i-cf\"><div class=\"g-cols vc_row via_grid cols_1 laptops-cols_inherit tablets-cols_inherit mobiles-cols_1 valign_top type_default stacking_default\"><div class=\"wpb_column vc_column_container\"><div class=\"vc_column-inner\"><div class=\"w-separator size_custom\" style=\"height:10px\"><\/div><\/div><\/div><\/div><\/div><\/section><section class=\"l-section wpb_row us_custom_fca8cc99 height_auto width_custom with_video\" style=\"--site-content-width:1100px;\"><div id=\"us_bg_video_se8d\" class=\"l-section-video\"><script>!function(w){var node = document.getElementById( 'us_bg_video_se8d' );if ( w.innerWidth <= 100 ) { node.remove() }}(window);<\/script><style>@media(max-width:100px){#us_bg_video_se8d{display:none!important}}<\/style><video  autoplay loop muted playsinline preload=\"auto\"><source type=\"video\/mp4\" src=\"https:\/\/www.orekangunea.com\/wp-content\/uploads\/2024\/07\/4935325_People_Person_1280x720.mp4\" \/><\/video><\/div><div class=\"l-section-h i-cf\"><div class=\"g-cols vc_row via_grid cols_1 laptops-cols_inherit tablets-cols_inherit mobiles-cols_1 valign_top type_default stacking_default\"><div class=\"wpb_column vc_column_container us_custom_bb6b61de\"><div class=\"vc_column-inner\"><div class=\"w-separator size_custom\" style=\"height:100px\"><\/div><h1 class=\"w-text us_custom_5cd80a21 has_text_color\"><span class=\"w-text-h\"><span class=\"w-text-value\">Zeure burua zaintzeko gune bat<\/span><\/span><\/h1><\/div><\/div><\/div><\/div><\/section><section class=\"l-section wpb_row height_small\"><div class=\"l-section-h i-cf\"><div class=\"g-cols vc_row via_grid cols_1 laptops-cols_inherit tablets-cols_inherit mobiles-cols_1 valign_top type_default stacking_default\"><div class=\"wpb_column vc_column_container us_custom_4cfb87d6\"><div class=\"vc_column-inner\"><div class=\"g-cols wpb_row via_grid cols_2 laptops-cols_inherit tablets-cols_1 mobiles-cols_1 valign_top type_default stacking_default\" style=\"--gap:3rem;\"><div class=\"wpb_column vc_column_container\"><div class=\"vc_column-inner\"><div class=\"w-slider us_custom_fca8cc99 style_none fit_scaledown has_border_radius\"><div class=\"w-slider-h\"><div class=\"royalSlider\"><div class=\"rsContent\"><a class=\"rsImg\" data-rsw=\"1024\" data-rsh=\"683\" href=\"https:\/\/www.orekangunea.com\/wp-content\/uploads\/2024\/07\/Oreka_blanco-54-1024x683.jpg\"><span data-alt=\"\"><\/span><\/a><\/div><div class=\"rsContent\"><a class=\"rsImg\" data-rsw=\"1024\" data-rsh=\"683\" href=\"https:\/\/www.orekangunea.com\/wp-content\/uploads\/2024\/07\/1643240443809-1024x683.jpg\"><span data-alt=\"\"><\/span><\/a><\/div><div class=\"rsContent\"><a class=\"rsImg\" data-rsw=\"1024\" data-rsh=\"683\" href=\"https:\/\/www.orekangunea.com\/wp-content\/uploads\/2024\/09\/Oreka-blanco-36-1024x683.jpg\"><span data-alt=\"\"><\/span><\/a><\/div><div class=\"rsContent\"><a class=\"rsImg\" data-rsw=\"1024\" data-rsh=\"667\" href=\"https:\/\/www.orekangunea.com\/wp-content\/uploads\/2024\/07\/1641907909257_1-1024x667.jpg\"><span data-alt=\"\"><\/span><\/a><\/div><div class=\"rsContent\"><a class=\"rsImg\" data-rsw=\"1024\" data-rsh=\"675\" href=\"https:\/\/www.orekangunea.com\/wp-content\/uploads\/2024\/09\/Oreka-blanco-105-1024x675.jpg\"><span data-alt=\"\"><\/span><\/a><\/div><\/div><img decoding=\"async\" src=\"https:\/\/www.orekangunea.com\/wp-content\/uploads\/2024\/07\/Oreka_blanco-54-1024x683.jpg\" width=\"1024\" height=\"683\" alt loading=\"lazy\"><\/div><div class=\"w-slider-json\" onclick='return {&quot;autoScaleSlider&quot;:true,&quot;loop&quot;:true,&quot;fadeInLoadedSlide&quot;:false,&quot;slidesSpacing&quot;:0,&quot;imageScalePadding&quot;:0,&quot;numImagesToPreload&quot;:2,&quot;arrowsNav&quot;:true,&quot;arrowsNavAutoHide&quot;:true,&quot;transitionType&quot;:&quot;fade&quot;,&quot;transitionSpeed&quot;:250,&quot;block&quot;:{&quot;moveEffect&quot;:&quot;none&quot;,&quot;speed&quot;:300},&quot;thumbs&quot;:{&quot;fitInViewport&quot;:false},&quot;controlNavigation&quot;:&quot;none&quot;,&quot;autoplay&quot;:{&quot;enabled&quot;:true,&quot;pauseOnHover&quot;:true,&quot;delay&quot;:3000},&quot;imageScaleMode&quot;:&quot;fit-if-smaller&quot;,&quot;autoScaleSliderWidth&quot;:1024,&quot;autoScaleSliderHeight&quot;:683}'><\/div><\/div><\/div><\/div><div class=\"wpb_column vc_column_container\"><div class=\"vc_column-inner\"><h2 class=\"w-text us_custom_38e07046\"><span class=\"w-text-h\"><span class=\"w-text-value\">Osteopatia \u00b7 Masajea<br \/>\nPilates \u00b7 K-Stretch jarrera-metodoa<\/span><\/span><\/h2><div class=\"wpb_text_column us_custom_38e07046\"><div class=\"wpb_wrapper\"><p><span style=\"color: #000000;\"><span style=\"font-family: Montserrat, monospace;\"><span>Orekan 2020an sortu zen, Santurtziko udal kiroldegian <span style=\"color: #000000;\"><a style=\"color: #000000;\" href=\"https:\/\/www.orekangunea.com\/osteopatia-y-masaje-en-santurtzi\">osteopatia eta masaje<\/a><\/span> zerbitzua artatzen 14 urteko esperientzia izan ondoren, Pilates Barakaldo Estudioan <span style=\"color: #000000;\"><a style=\"color: #000000;\" href=\"https:\/\/www.orekangunea.com\/pilates-en-santurtzi\">pilates<\/a> <\/span>eskolak ematearekin batera.<\/span><\/span><\/span><\/p>\n<p><span style=\"color: #000000;\"><span style=\"font-family: Montserrat, monospace;\"><span>OREKANen, esperientzia luzeko osteopatia eta masaje zerbitzua eskaintzeaz gain, pauso bat harago goaz. Zure autozainketan eta zure ongizatearen kudeaketan lagundu nahi dugu, gorputz-kontzientziaren, posturaren, mugimenduaren, indarraren eta elastikotasunaren bidez, gehienez 8 pertsonako talde txikietan gertuko tratua emanez.<\/span><\/span><\/span><\/p>\n<\/div><\/div><div class=\"w-separator size_small\"><\/div><div class=\"w-btn-wrapper align_none\"><a class=\"w-btn us-btn-style_1 icon_atright\" href=\"https:\/\/www.orekangunea.com\/eu\/orekani-buruz\/\"><span class=\"w-btn-label\">Ezagutu<\/span><i class=\"fas fa-spa\"><\/i><\/a><\/div><\/div><\/div><\/div><\/div><\/div><\/div><\/div><\/section><section class=\"l-section wpb_row height_small\"><div class=\"l-section-h i-cf\"><div class=\"g-cols vc_row via_grid cols_1 laptops-cols_inherit tablets-cols_inherit mobiles-cols_1 valign_top type_default stacking_default\"><div class=\"wpb_column vc_column_container us_custom_c049104d has_bg_color\"><div class=\"vc_column-inner\"><h2 class=\"w-text us_custom_4edec70e has_text_color\"><span class=\"w-text-h\"><span class=\"w-text-value\">Gure zerbitzuak<\/span><\/span><\/h2><div class=\"w-separator size_custom\" style=\"height:20px\"><\/div><div class=\"w-grid us_post_list type_grid layout_107 cols_3\" id=\"us_post_list_ded9\" style=\"--gap:0.6rem;\" data-filterable=\"true\"><style>@media (max-width:1040px){#us_post_list_ded9 .w-grid-item{width:50%}}@media (max-width:610px){#us_post_list_ded9 .w-grid-list{margin:0}#us_post_list_ded9 .w-grid-item{width:100%;padding:0;margin-bottom:var(--gap,0px)}}.layout_107 .w-grid-item-h{}.layout_107 .usg_post_image_1{transition-duration:0.3s;transform-origin:50% 50%;transform:scale(1) translate(0%,0%);opacity:0.85}.layout_107 .w-grid-item-h:hover .usg_post_image_1{transform:scale(1) translate(0%,0%);opacity:1}.layout_107 .usg_post_image_1{border-radius:20px!important}.layout_107 .usg_post_title_1{margin-top:20px!important}@media (min-width:1041px) and (max-width:1380px){.layout_107 .usg_post_title_1{margin-top:20px!important}}@media (min-width:611px) and (max-width:1040px){.layout_107 .usg_post_title_1{margin-top:20px!important;margin-bottom:35px!important}}@media (max-width:610px){.layout_107 .usg_post_title_1{margin-top:20px!important;margin-bottom:35px!important}}<\/style><div class=\"w-grid-list\">\t<article class=\"w-grid-item size_1x1 post-1241 us_portfolio type-us_portfolio status-publish has-post-thumbnail hentry\" data-id=\"1241\">\r\n\t\t<div class=\"w-grid-item-h\">\r\n\t\t\t\t\t\t<div class=\"w-post-elm post_image usg_post_image_1 stretched\"><a href=\"https:\/\/www.orekangunea.com\/eu\/services\/osteopatia-eta-masajea\/\" aria-label=\"Osteopatia eta masajea\"><img loading=\"lazy\" decoding=\"async\" width=\"1024\" height=\"683\" src=\"https:\/\/www.orekangunea.com\/wp-content\/uploads\/2024\/07\/Masaje-1024x683.jpg\" class=\"attachment-large size-large wp-post-image\" alt=\"osteopat\u00eda y masaje en Santurtzi\" srcset=\"https:\/\/www.orekangunea.com\/wp-content\/uploads\/2024\/07\/Masaje-1024x683.jpg 1024w, https:\/\/www.orekangunea.com\/wp-content\/uploads\/2024\/07\/Masaje-300x200.jpg 300w\" sizes=\"auto, (max-width: 1024px) 100vw, 1024px\" \/><\/a><\/div><h4 class=\"w-post-elm post_title usg_post_title_1 align_center entry-title color_link_inherit\"><a href=\"https:\/\/www.orekangunea.com\/eu\/services\/osteopatia-eta-masajea\/\">Osteopatia eta masajea<\/a><\/h4>\t\t<\/div>\r\n\t\t\t<\/article>\r\n\t<article class=\"w-grid-item size_1x1 post-1262 us_portfolio type-us_portfolio status-publish has-post-thumbnail hentry\" data-id=\"1262\">\r\n\t\t<div class=\"w-grid-item-h\">\r\n\t\t\t\t\t\t<div class=\"w-post-elm post_image usg_post_image_1 stretched\"><a href=\"https:\/\/www.orekangunea.com\/eu\/services\/zorua-makina\/\" aria-label=\"Pilates Makina eta Pilates Zorua\"><img loading=\"lazy\" decoding=\"async\" width=\"1024\" height=\"683\" src=\"https:\/\/www.orekangunea.com\/wp-content\/uploads\/2022\/03\/Oreka-blanco-69-1024x683.jpg\" class=\"attachment-large size-large wp-post-image\" alt=\"Clases de pilates grupales en Santurtzi\" srcset=\"https:\/\/www.orekangunea.com\/wp-content\/uploads\/2022\/03\/Oreka-blanco-69-1024x683.jpg 1024w, https:\/\/www.orekangunea.com\/wp-content\/uploads\/2022\/03\/Oreka-blanco-69-300x200.jpg 300w\" sizes=\"auto, (max-width: 1024px) 100vw, 1024px\" \/><\/a><\/div><h4 class=\"w-post-elm post_title usg_post_title_1 align_center entry-title color_link_inherit\"><a href=\"https:\/\/www.orekangunea.com\/eu\/services\/zorua-makina\/\">Pilates Makina eta Pilates Zorua<\/a><\/h4>\t\t<\/div>\r\n\t\t\t<\/article>\r\n\t<article class=\"w-grid-item size_1x1 post-1270 us_portfolio type-us_portfolio status-publish has-post-thumbnail hentry\" data-id=\"1270\">\r\n\t\t<div class=\"w-grid-item-h\">\r\n\t\t\t\t\t\t<div class=\"w-post-elm post_image usg_post_image_1 stretched\"><a href=\"https:\/\/www.orekangunea.com\/eu\/services\/k-stretch-jarrera-metodoa\/\" aria-label=\"K-Stretch jarrera-metodoa\"><img loading=\"lazy\" decoding=\"async\" width=\"1000\" height=\"682\" src=\"https:\/\/www.orekangunea.com\/wp-content\/uploads\/2024\/07\/metodo-K-Stretch-postural-santurtzi_.jpg\" class=\"attachment-large size-large wp-post-image\" alt=\"\" srcset=\"https:\/\/www.orekangunea.com\/wp-content\/uploads\/2024\/07\/metodo-K-Stretch-postural-santurtzi_.jpg 1000w, https:\/\/www.orekangunea.com\/wp-content\/uploads\/2024\/07\/metodo-K-Stretch-postural-santurtzi_-300x205.jpg 300w\" sizes=\"auto, (max-width: 1000px) 100vw, 1000px\" \/><\/a><\/div><h4 class=\"w-post-elm post_title usg_post_title_1 align_center entry-title color_link_inherit\"><a href=\"https:\/\/www.orekangunea.com\/eu\/services\/k-stretch-jarrera-metodoa\/\">K-Stretch jarrera-metodoa<\/a><\/h4>\t\t<\/div>\r\n\t\t\t<\/article>\r\n<\/div><div class=\"w-grid-list-json hidden\" onclick='return {&quot;max_num_pages&quot;:0,&quot;pagination&quot;:&quot;none&quot;,&quot;paged&quot;:1,&quot;ajaxData&quot;:{&quot;action&quot;:&quot;us_ajax_post_list&quot;,&quot;template_vars&quot;:{&quot;paged&quot;:1,&quot;max_num_pages&quot;:0,&quot;no_results&quot;:false,&quot;source&quot;:&quot;post__in&quot;,&quot;custom_field_name&quot;:&quot;&quot;,&quot;ids&quot;:&quot;1241,1262,1270&quot;,&quot;post_type&quot;:&quot;us_portfolio&quot;,&quot;post_author&quot;:&quot;any&quot;,&quot;post_author_ids&quot;:&quot;&quot;,&quot;exclude_children&quot;:0,&quot;exclude_current_post&quot;:1,&quot;tax_query_relation&quot;:&quot;none&quot;,&quot;tax_query&quot;:[{&quot;operator&quot;:&quot;IN&quot;,&quot;taxonomy&quot;:&quot;category&quot;,&quot;terms&quot;:&quot;&quot;,&quot;include_children&quot;:0}],&quot;meta_query_relation&quot;:&quot;none&quot;,&quot;meta_query&quot;:[{&quot;key&quot;:&quot;custom_field_name&quot;,&quot;compare&quot;:&quot;=&quot;,&quot;value&quot;:&quot;&quot;}],&quot;orderby&quot;:&quot;date&quot;,&quot;orderby_custom_field&quot;:&quot;&quot;,&quot;orderby_custom_type&quot;:0,&quot;order_invert&quot;:&quot;1&quot;,&quot;show_all&quot;:0,&quot;quantity&quot;:&quot;3&quot;,&quot;no_items_action&quot;:&quot;message&quot;,&quot;no_items_message&quot;:&quot;No results found.&quot;,&quot;no_items_page_block&quot;:&quot;&quot;,&quot;pagination&quot;:&quot;none&quot;,&quot;pagination_style&quot;:&quot;&quot;,&quot;pagination_btn_text&quot;:&quot;Load More&quot;,&quot;pagination_btn_size&quot;:&quot;&quot;,&quot;pagination_btn_style&quot;:&quot;1&quot;,&quot;pagination_btn_fullwidth&quot;:0,&quot;items_layout&quot;:&quot;107&quot;,&quot;type&quot;:&quot;grid&quot;,&quot;items_valign&quot;:0,&quot;ignore_items_size&quot;:0,&quot;load_animation&quot;:&quot;none&quot;,&quot;columns&quot;:&quot;3&quot;,&quot;items_gap&quot;:&quot;0.6rem&quot;,&quot;img_size&quot;:&quot;default&quot;,&quot;title_size&quot;:&quot;&quot;,&quot;items_ratio&quot;:&quot;default&quot;,&quot;items_ratio_width&quot;:&quot;21&quot;,&quot;items_ratio_height&quot;:&quot;9&quot;,&quot;overriding_link&quot;:&quot;%7B%22url%22%3A%22%22%7D&quot;,&quot;popup_width&quot;:&quot;&quot;,&quot;popup_arrows&quot;:1,&quot;breakpoint_1_width&quot;:&quot;1381px&quot;,&quot;breakpoint_1_cols&quot;:&quot;default&quot;,&quot;breakpoint_1_gap&quot;:&quot;&quot;,&quot;breakpoint_2_width&quot;:&quot;1041px&quot;,&quot;breakpoint_2_cols&quot;:&quot;2&quot;,&quot;breakpoint_2_gap&quot;:&quot;&quot;,&quot;breakpoint_3_width&quot;:&quot;611px&quot;,&quot;breakpoint_3_cols&quot;:&quot;1&quot;,&quot;breakpoint_3_gap&quot;:&quot;&quot;,&quot;conditions_operator&quot;:&quot;always&quot;,&quot;conditions&quot;:[],&quot;css&quot;:null,&quot;el_class&quot;:&quot;&quot;,&quot;el_id&quot;:&quot;&quot;,&quot;enable_custom_html_atts&quot;:0,&quot;custom_html_atts&quot;:null,&quot;hide_on_states&quot;:&quot;&quot;,&quot;hide_for_sticky&quot;:0,&quot;hide_for_not_sticky&quot;:0,&quot;hide_below&quot;:&quot;0px&quot;,&quot;hide_above&quot;:&quot;0px&quot;},&quot;_nonce&quot;:&quot;fbaa9c6bcf&quot;,&quot;meta_type&quot;:&quot;post&quot;,&quot;object_id&quot;:0}}'><\/div><\/div><div class=\"w-separator size_custom\" style=\"height:20px\"><\/div><div class=\"w-btn-wrapper align_center\"><a class=\"w-btn us-btn-style_5 us_custom_208fbbcb icon_atright\" href=\"https:\/\/www.orekangunea.com\/eu\/zerbitzuak\/\"><span class=\"w-btn-label\">Ikusi guztiak<\/span><i class=\"fas fa-wheat\"><\/i><\/a><\/div><\/div><\/div><\/div><\/div><\/section><section class=\"l-section wpb_row height_small\"><div class=\"l-section-h i-cf\"><div class=\"g-cols vc_row via_grid cols_1-2 laptops-cols_inherit tablets-cols_inherit mobiles-cols_1 valign_top type_default stacking_default\"><div class=\"wpb_column vc_column_container us_custom_7b4f2c30\"><div class=\"vc_column-inner\"><div class=\"w-separator hide_on_tablets hide_on_mobiles size_custom\" style=\"height:40px\"><\/div><h3 class=\"w-text us_custom_ddc5f983 has_text_color\"><span class=\"w-text-h\"><span class=\"w-text-value\">Izan gogoan zure burua zaintzeko<br \/>\nbaliabide guztiak<\/span><\/span><\/h3><div class=\"w-separator size_custom\" style=\"height:10px\"><\/div><div class=\"wpb_text_column us_custom_05c065fb has_text_color\"><div class=\"wpb_wrapper\"><p>Orekan-en erabiltzen diren teknika naturalek ez dute arreta edo tratamendu mediko edo farmakologikoa ordezten edo baztertzen.<\/p>\n<\/div><\/div><\/div><\/div><div class=\"wpb_column vc_column_container\"><div class=\"vc_column-inner\"><div class=\"g-cols wpb_row via_grid cols_2 laptops-cols_inherit tablets-cols_inherit mobiles-cols_1 valign_middle type_default stacking_default\" style=\"--gap:1rem;\"><div class=\"wpb_column vc_column_container\"><div class=\"vc_column-inner\"><div class=\"w-image us_custom_fca8cc99 hide_on_mobiles has_ratio align_none\"><div class=\"w-image-h\"><div style=\"padding-bottom:56.25%\"><\/div><img decoding=\"async\" width=\"1024\" height=\"584\" src=\"https:\/\/www.orekangunea.com\/wp-content\/uploads\/2024\/07\/Oreka-blanco-98-scaled-e1724759295957-1024x584.jpg\" class=\"attachment-large size-large\" alt=\"\" loading=\"lazy\" srcset=\"https:\/\/www.orekangunea.com\/wp-content\/uploads\/2024\/07\/Oreka-blanco-98-scaled-e1724759295957-1024x584.jpg 1024w, https:\/\/www.orekangunea.com\/wp-content\/uploads\/2024\/07\/Oreka-blanco-98-scaled-e1724759295957-300x171.jpg 300w\" sizes=\"auto, (max-width: 1024px) 100vw, 1024px\" \/><\/div><\/div><\/div><\/div><div class=\"wpb_column vc_column_container\"><div class=\"vc_column-inner\"><div class=\"w-image us_custom_fca8cc99 has_ratio align_none\"><div class=\"w-image-h\"><div style=\"padding-bottom:56.25%\"><\/div><img decoding=\"async\" width=\"1024\" height=\"683\" src=\"https:\/\/www.orekangunea.com\/wp-content\/uploads\/2024\/09\/Oreka-blanco-121-1024x683.jpg\" class=\"attachment-large size-large\" alt=\"\" loading=\"lazy\" srcset=\"https:\/\/www.orekangunea.com\/wp-content\/uploads\/2024\/09\/Oreka-blanco-121-1024x683.jpg 1024w, https:\/\/www.orekangunea.com\/wp-content\/uploads\/2024\/09\/Oreka-blanco-121-300x200.jpg 300w\" sizes=\"auto, (max-width: 1024px) 100vw, 1024px\" \/><\/div><\/div><\/div><\/div><\/div><\/div><\/div><\/div><\/div><\/section><section class=\"l-section wpb_row height_small\"><div class=\"l-section-h i-cf\"><div class=\"g-cols vc_row via_grid cols_1 laptops-cols_inherit tablets-cols_inherit mobiles-cols_1 valign_top type_default stacking_default\"><div class=\"wpb_column vc_column_container\"><div class=\"vc_column-inner\"><section class=\"l-section wpb_row height_auto width_full\"><div class=\"l-section-h i-cf\"><div class=\"g-cols vc_row via_grid cols_2 laptops-cols_inherit tablets-cols_inherit mobiles-cols_1 valign_middle type_default reversed stacking_default\" style=\"--gap:0rem;\"><div class=\"wpb_column vc_column_container us_custom_2c4cc8a6 has_text_color has_bg_color\"><div class=\"vc_column-inner\"><h3 class=\"w-text us_custom_aa9178b9 has_text_color\"><span class=\"w-text-h\"><span class=\"w-text-value\">Ordua eskatu<\/span><\/span><\/h3><h3 class=\"w-text us_custom_836f727b has_text_color icon_atleft\"><a href=\"tel:+34607343743\" class=\"w-text-h\"><i class=\"fas fa-phone-alt\"><\/i><span class=\"w-text-value\">607 34 37 43<\/span><\/a><\/h3><div class=\"w-text us_custom_077c26f5 has_text_color\"><a href=\"http:\/\/Gure zerbitzuei buruzko galderak badituzu eta zure zalantza guztiak argituko ditugu.\" class=\"w-text-h\"><span class=\"w-text-value\">Gure zerbitzuei buruzko galderak badituzu eta zure zalantza guztiak argituko ditugu.<\/span><\/a><\/div><div class=\"w-separator size_custom\" style=\"height:15px\"><\/div><div class=\"w-btn-wrapper align_none\"><a class=\"w-btn us-btn-style_5 icon_atright\" href=\"https:\/\/www.orekangunea.com\/eu\/kontaktu\/\"><span class=\"w-btn-label\">Kontaktatu<\/span><i class=\"fas fa-paper-plane\"><\/i><\/a><\/div><\/div><\/div><div class=\"wpb_column vc_column_container us_custom_3edd79eb has_bg_color\"><div class=\"vc_column-inner\"><\/div><\/div><\/div><\/div><\/section>\n<div class=\"w-separator size_medium\"><\/div><\/div><\/div><\/div><\/div><\/section>\n","protected":false},"excerpt":{"rendered":"K-Stretch Postural metodoarekin aberastutako Makina- eta Lur- Pilates klaseak Gorputz-jarreraren K-Stretch Metodoa gorputz-jarrera orekatzeko metodo bat da, gihar-kateak malgutzeko lanean oinarritua. Bere praktikak jarrera hobetzen eta bizi kalitatean eragina duten gihar eta hezurretako alterazioak saihesten hartzen laguntzen du. Metodo hau erraz egokitzen zaie pertsona guztiei, edozein dela ere haien egoera fisikoa; izan ere, plano mugikorren...","protected":false},"author":2,"featured_media":0,"parent":0,"menu_order":0,"comment_status":"closed","ping_status":"closed","template":"","meta":{"_acf_changed":false,"footnotes":""},"class_list":["post-1211","page","type-page","status-publish","hentry"],"acf":[],"yoast_head":"<!-- This site is optimized with the Yoast SEO plugin v27.3 - https:\/\/yoast.com\/product\/yoast-seo-wordpress\/ -->\n<title>Orekan | Osteopat\u00eda y Pilates<\/title>\n<meta name=\"description\" content=\"Servicio de Osteopat\u00eda, Masaje, Pilates m\u00e1quina, Pilates suelo y m\u00e9todo K-Stretch postural en Santurtzi. Grupos reducidos de hasta 7 personas.\" \/>\n<meta name=\"robots\" content=\"index, follow, max-snippet:-1, max-image-preview:large, max-video-preview:-1\" \/>\n<link rel=\"canonical\" href=\"https:\/\/www.orekangunea.com\/eu\/\" \/>\n<meta property=\"og:locale\" content=\"eu_ES\" \/>\n<meta property=\"og:type\" content=\"article\" \/>\n<meta property=\"og:title\" content=\"Orekan | Osteopat\u00eda y Pilates\" \/>\n<meta property=\"og:description\" content=\"Servicio de Osteopat\u00eda, Masaje, Pilates m\u00e1quina, Pilates suelo y m\u00e9todo K-Stretch postural en Santurtzi. Grupos reducidos de hasta 7 personas.\" \/>\n<meta property=\"og:url\" content=\"https:\/\/www.orekangunea.com\/eu\/\" \/>\n<meta property=\"og:site_name\" content=\"orekangunea.com\" \/>\n<meta property=\"article:modified_time\" content=\"2025-09-19T08:26:57+00:00\" \/>\n<meta name=\"twitter:card\" content=\"summary_large_image\" \/>\n<meta name=\"twitter:label1\" content=\"Est. reading time\" \/>\n\t<meta name=\"twitter:data1\" content=\"1 minute\" \/>\n<script type=\"application\/ld+json\" class=\"yoast-schema-graph\">{\"@context\":\"https:\\\/\\\/schema.org\",\"@graph\":[{\"@type\":\"WebPage\",\"@id\":\"https:\\\/\\\/www.orekangunea.com\\\/eu\\\/\",\"url\":\"https:\\\/\\\/www.orekangunea.com\\\/eu\\\/\",\"name\":\"Orekan | Osteopat\u00eda y Pilates\",\"isPartOf\":{\"@id\":\"https:\\\/\\\/www.orekangunea.com\\\/#website\"},\"datePublished\":\"2022-03-08T12:02:30+00:00\",\"dateModified\":\"2025-09-19T08:26:57+00:00\",\"description\":\"Servicio de Osteopat\u00eda, Masaje, Pilates m\u00e1quina, Pilates suelo y m\u00e9todo K-Stretch postural en Santurtzi. Grupos reducidos de hasta 7 personas.\",\"breadcrumb\":{\"@id\":\"https:\\\/\\\/www.orekangunea.com\\\/eu\\\/#breadcrumb\"},\"inLanguage\":\"eu-ES\",\"potentialAction\":[{\"@type\":\"ReadAction\",\"target\":[\"https:\\\/\\\/www.orekangunea.com\\\/eu\\\/\"]}]},{\"@type\":\"BreadcrumbList\",\"@id\":\"https:\\\/\\\/www.orekangunea.com\\\/eu\\\/#breadcrumb\",\"itemListElement\":[{\"@type\":\"ListItem\",\"position\":1,\"name\":\"Portada\",\"item\":\"https:\\\/\\\/www.orekangunea.com\\\/eu\\\/\"},{\"@type\":\"ListItem\",\"position\":2,\"name\":\"Orekan\"}]},{\"@type\":\"WebSite\",\"@id\":\"https:\\\/\\\/www.orekangunea.com\\\/#website\",\"url\":\"https:\\\/\\\/www.orekangunea.com\\\/\",\"name\":\"orekangunea.com\",\"description\":\"Osteopat\u00eda y Pilates en Santurtzi\",\"potentialAction\":[{\"@type\":\"SearchAction\",\"target\":{\"@type\":\"EntryPoint\",\"urlTemplate\":\"https:\\\/\\\/www.orekangunea.com\\\/?s={search_term_string}\"},\"query-input\":{\"@type\":\"PropertyValueSpecification\",\"valueRequired\":true,\"valueName\":\"search_term_string\"}}],\"inLanguage\":\"eu-ES\"}]}<\/script>\n<!-- \/ Yoast SEO plugin. -->","yoast_head_json":{"title":"Orekan | Osteopat\u00eda y Pilates","description":"Servicio de Osteopat\u00eda, Masaje, Pilates m\u00e1quina, Pilates suelo y m\u00e9todo K-Stretch postural en Santurtzi. Grupos reducidos de hasta 7 personas.","robots":{"index":"index","follow":"follow","max-snippet":"max-snippet:-1","max-image-preview":"max-image-preview:large","max-video-preview":"max-video-preview:-1"},"canonical":"https:\/\/www.orekangunea.com\/eu\/","og_locale":"eu_ES","og_type":"article","og_title":"Orekan | Osteopat\u00eda y Pilates","og_description":"Servicio de Osteopat\u00eda, Masaje, Pilates m\u00e1quina, Pilates suelo y m\u00e9todo K-Stretch postural en Santurtzi. Grupos reducidos de hasta 7 personas.","og_url":"https:\/\/www.orekangunea.com\/eu\/","og_site_name":"orekangunea.com","article_modified_time":"2025-09-19T08:26:57+00:00","twitter_card":"summary_large_image","twitter_misc":{"Est. reading time":"1 minute"},"schema":{"@context":"https:\/\/schema.org","@graph":[{"@type":"WebPage","@id":"https:\/\/www.orekangunea.com\/eu\/","url":"https:\/\/www.orekangunea.com\/eu\/","name":"Orekan | Osteopat\u00eda y Pilates","isPartOf":{"@id":"https:\/\/www.orekangunea.com\/#website"},"datePublished":"2022-03-08T12:02:30+00:00","dateModified":"2025-09-19T08:26:57+00:00","description":"Servicio de Osteopat\u00eda, Masaje, Pilates m\u00e1quina, Pilates suelo y m\u00e9todo K-Stretch postural en Santurtzi. Grupos reducidos de hasta 7 personas.","breadcrumb":{"@id":"https:\/\/www.orekangunea.com\/eu\/#breadcrumb"},"inLanguage":"eu-ES","potentialAction":[{"@type":"ReadAction","target":["https:\/\/www.orekangunea.com\/eu\/"]}]},{"@type":"BreadcrumbList","@id":"https:\/\/www.orekangunea.com\/eu\/#breadcrumb","itemListElement":[{"@type":"ListItem","position":1,"name":"Portada","item":"https:\/\/www.orekangunea.com\/eu\/"},{"@type":"ListItem","position":2,"name":"Orekan"}]},{"@type":"WebSite","@id":"https:\/\/www.orekangunea.com\/#website","url":"https:\/\/www.orekangunea.com\/","name":"orekangunea.com","description":"Osteopat\u00eda y Pilates en Santurtzi","potentialAction":[{"@type":"SearchAction","target":{"@type":"EntryPoint","urlTemplate":"https:\/\/www.orekangunea.com\/?s={search_term_string}"},"query-input":{"@type":"PropertyValueSpecification","valueRequired":true,"valueName":"search_term_string"}}],"inLanguage":"eu-ES"}]}},"_links":{"self":[{"href":"https:\/\/www.orekangunea.com\/eu\/wp-json\/wp\/v2\/pages\/1211","targetHints":{"allow":["GET"]}}],"collection":[{"href":"https:\/\/www.orekangunea.com\/eu\/wp-json\/wp\/v2\/pages"}],"about":[{"href":"https:\/\/www.orekangunea.com\/eu\/wp-json\/wp\/v2\/types\/page"}],"author":[{"embeddable":true,"href":"https:\/\/www.orekangunea.com\/eu\/wp-json\/wp\/v2\/users\/2"}],"replies":[{"embeddable":true,"href":"https:\/\/www.orekangunea.com\/eu\/wp-json\/wp\/v2\/comments?post=1211"}],"version-history":[{"count":9,"href":"https:\/\/www.orekangunea.com\/eu\/wp-json\/wp\/v2\/pages\/1211\/revisions"}],"predecessor-version":[{"id":1408,"href":"https:\/\/www.orekangunea.com\/eu\/wp-json\/wp\/v2\/pages\/1211\/revisions\/1408"}],"wp:attachment":[{"href":"https:\/\/www.orekangunea.com\/eu\/wp-json\/wp\/v2\/media?parent=1211"}],"curies":[{"name":"wp","href":"https:\/\/api.w.org\/{rel}","templated":true}]}}